{"id":1530,"date":"2024-02-08T13:35:49","date_gmt":"2024-02-08T13:35:49","guid":{"rendered":"https:\/\/www.climbcs.com\/fr\/?page_id=1530"},"modified":"2024-07-23T10:16:00","modified_gmt":"2024-07-23T09:16:00","slug":"solutions","status":"publish","type":"page","link":"https:\/\/www.climbcs.com\/fr\/solutions\/","title":{"rendered":"Solutions"},"content":{"rendered":"            <div  id=\"banner-block_048ecca4400edf5c8bbc7254c84a5715\" class=\"block block--banner \" style=\"background-color:var(--bs-dark);--banner-min-height:400px;--background-image-alignment:center;--background-image-fit:cover;\" data-wmx-wpb=\"banner\" data-bs-theme=\"dark\" >\r\n                                        <div class=\"banner-wrapper\">\r\n                <img loading=\"lazy\" decoding=\"async\" width=\"1920\" height=\"400\" src=\"https:\/\/www.climbcs.com\/fr\/wp-content\/uploads\/sites\/11\/2024\/03\/solutions-header.jpg\" class=\"banner-background d-none d-lg-block\" alt=\"\" style=\"width: 100%;height:100%;\" srcset=\"https:\/\/www.climbcs.com\/fr\/wp-content\/uploads\/sites\/11\/2024\/03\/solutions-header.jpg 1920w, https:\/\/www.climbcs.com\/fr\/wp-content\/uploads\/sites\/11\/2024\/03\/solutions-header-300x63.jpg 300w, https:\/\/www.climbcs.com\/fr\/wp-content\/uploads\/sites\/11\/2024\/03\/solutions-header-1024x213.jpg 1024w, https:\/\/www.climbcs.com\/fr\/wp-content\/uploads\/sites\/11\/2024\/03\/solutions-header-768x160.jpg 768w, https:\/\/www.climbcs.com\/fr\/wp-content\/uploads\/sites\/11\/2024\/03\/solutions-header-1536x320.jpg 1536w\" sizes=\"auto, (max-width: 1920px) 100vw, 1920px\" \/><img loading=\"lazy\" decoding=\"async\" width=\"1024\" height=\"213\" src=\"https:\/\/www.climbcs.com\/fr\/wp-content\/uploads\/sites\/11\/2024\/03\/solutions-header-1024x213.jpg\" class=\"banner-background d-none d-md-block d-lg-none\" alt=\"\" style=\"width: 100%;height:100%;\" srcset=\"https:\/\/www.climbcs.com\/fr\/wp-content\/uploads\/sites\/11\/2024\/03\/solutions-header-1024x213.jpg 1024w, https:\/\/www.climbcs.com\/fr\/wp-content\/uploads\/sites\/11\/2024\/03\/solutions-header-300x63.jpg 300w, https:\/\/www.climbcs.com\/fr\/wp-content\/uploads\/sites\/11\/2024\/03\/solutions-header-768x160.jpg 768w, https:\/\/www.climbcs.com\/fr\/wp-content\/uploads\/sites\/11\/2024\/03\/solutions-header-1536x320.jpg 1536w, https:\/\/www.climbcs.com\/fr\/wp-content\/uploads\/sites\/11\/2024\/03\/solutions-header.jpg 1920w\" sizes=\"auto, (max-width: 1024px) 100vw, 1024px\" \/><img loading=\"lazy\" decoding=\"async\" width=\"768\" height=\"160\" src=\"https:\/\/www.climbcs.com\/fr\/wp-content\/uploads\/sites\/11\/2024\/03\/solutions-header-768x160.jpg\" class=\"banner-background d-md-none\" alt=\"\" style=\"width: 100%;height:100%;\" srcset=\"https:\/\/www.climbcs.com\/fr\/wp-content\/uploads\/sites\/11\/2024\/03\/solutions-header-768x160.jpg 768w, https:\/\/www.climbcs.com\/fr\/wp-content\/uploads\/sites\/11\/2024\/03\/solutions-header-300x63.jpg 300w, https:\/\/www.climbcs.com\/fr\/wp-content\/uploads\/sites\/11\/2024\/03\/solutions-header-1024x213.jpg 1024w, https:\/\/www.climbcs.com\/fr\/wp-content\/uploads\/sites\/11\/2024\/03\/solutions-header-1536x320.jpg 1536w, https:\/\/www.climbcs.com\/fr\/wp-content\/uploads\/sites\/11\/2024\/03\/solutions-header.jpg 1920w\" sizes=\"auto, (max-width: 768px) 100vw, 768px\" \/>        <div class=\"banner-content--wrapper container py-lg-5 py-4\">\r\n            <div class=\"row\">\r\n                <div class=\"col\">\r\n                    <div class=\"banner-content me-auto\"  style=\"--lg-max-width:65%;\">\r\n                        \n\n<div class=\"wp-block-columns rounded has-background\" style=\"background-color:#18181b\">\n<div class=\"wp-block-column\">\n<h1 class=\"wp-block-heading has-bs-light-color has-text-color has-link-color has-h-1-font-size wp-elements-22e2dfb0064cf2ea1c4018a9e6ebd901\">Pr\u00e9sentations des solutions logicielles<\/h1>\n\n\n\n<p>Chez Climb, nous faisons bien plus que vendre des logiciels, nous fournissons des gammes compl\u00e8tes de solutions pour r\u00e9pondre aux besoins des entreprises de vos clients. Si vous souhaitez augmenter vos marges gr\u00e2ce \u00e0 des id\u00e9es simples de vente incitative et des opportunit\u00e9s compl\u00e9mentaires, consultez ces pr\u00e9sentations pour d\u00e9couvrir les solutions disponibles actuellement.<\/p>\n<\/div>\n<\/div>\n\n                    <\/div>\r\n                <\/div>\r\n            <\/div>\r\n        <\/div>\r\n    <\/div>\r\n                <\/div>\r\n        \n\n            <section id=\"wmx-section-wrapper-uhht47k\" class=\"block block--section-wrapper pt-lg-6 pt-4 pb-lg-6 pb-4 \" data-wmx-wpb=\"section-wrapper\" >\r\n                <div class=\"container\">\r\n                    <div class=\"row\">\r\n                        <div class=\"col-12\">\r\n                                                                <div class=\"inner-wrapper\">\r\n\r\n        \n\n<div class=\"wp-block-columns\">\n<div class=\"wp-block-column\">            <div  id=\"wmx-cards-8ehkxf3\" class=\"block block--cards \" style=\"--card-count:4;\" data-wmx-wpb=\"cards\" data-mobile=\"stacked\" data-layout=\"\" >\r\n                                \n    \n            <div class=\"cards justify-content-center\">\n            \n                \n            <div  id=\"wmx-cards-card-9xxebsp\" class=\"block block--cards-card \" data-wmx-wpb=\"cards-card\" data-bs-theme=\"light\" >\r\n                                \r\n\r\n    <div class=\"card p-3 border has-background layout-default\" data-wmx-stretch-link=\"true\" >\r\n        \n\n<figure class=\"wp-block-image aligncenter size-full is-resized\"><img decoding=\"async\" width=\"150px\" height=\"150px\" src=\"https:\/\/www.climbcs.com\/fr\/wp-content\/uploads\/sites\/11\/2024\/05\/software-lifecycle-solution-icon.svg\" alt=\"\" class=\"wp-image-5924\" style=\"object-fit:cover;width:150px;height:150px\"\/><\/figure>\n\n\n\n<h4 class=\"wp-block-heading has-text-align-center has-bs-light-background-color has-background has-bs-gray-200-background-color\">CYCLE DE VIE DES LOGICIELS<\/h4>\n\n\n\n<div style=\"height:40px\" aria-hidden=\"true\" class=\"wp-block-spacer\"><\/div>\n\n\r\n                    <a href=\"https:\/\/www.climbcs.com\/fr\/solutions\/software-lifecycle\/\" class=\"visually-hidden-focusable\" target=\"_self\" ><span class=\"visually-hidden\">This is a Test<\/span><\/a>\r\n        \r\n        <img loading=\"lazy\" decoding=\"async\" width=\"400\" height=\"400\" src=\"https:\/\/www.climbcs.com\/fr\/wp-content\/uploads\/sites\/11\/2024\/05\/software-lifecycle-solution-thumb-blue.jpg\" class=\"img-style-background position-absolute h-100 w-100 top-0 start-0 z-n1 object-fit--cover\" alt=\"\" srcset=\"https:\/\/www.climbcs.com\/fr\/wp-content\/uploads\/sites\/11\/2024\/05\/software-lifecycle-solution-thumb-blue.jpg 400w, https:\/\/www.climbcs.com\/fr\/wp-content\/uploads\/sites\/11\/2024\/05\/software-lifecycle-solution-thumb-blue-300x300.jpg 300w, https:\/\/www.climbcs.com\/fr\/wp-content\/uploads\/sites\/11\/2024\/05\/software-lifecycle-solution-thumb-blue-150x150.jpg 150w\" sizes=\"auto, (max-width: 400px) 100vw, 400px\" \/>    <\/div>\r\n\r\n\r\n                <\/div>\r\n        \n\n            <div  id=\"wmx-cards-card-9xxebsp\" class=\"block block--cards-card \" data-wmx-wpb=\"cards-card\" data-bs-theme=\"light\" >\r\n                                \r\n\r\n    <div class=\"card p-3 border has-background layout-default\" data-wmx-stretch-link=\"true\" >\r\n        \n\n<figure class=\"wp-block-image aligncenter size-full is-resized\"><img decoding=\"async\" width=\"150px\" height=\"150px\" src=\"https:\/\/www.climbcs.com\/fr\/wp-content\/uploads\/sites\/11\/2024\/05\/data-solution-icon.svg\" alt=\"\" class=\"wp-image-5925\" style=\"object-fit:cover;width:150px;height:150px\"\/><\/figure>\n\n\n\n<h4 class=\"wp-block-heading has-text-align-center has-bs-light-background-color has-background has-bs-gray-200-background-color\">DONN\u00c9ES<\/h4>\n\n\n\n<div style=\"height:40px\" aria-hidden=\"true\" class=\"wp-block-spacer\"><\/div>\n\n\r\n                    <a href=\"https:\/\/www.climbcs.com\/fr\/solutions\/data\/\" class=\"visually-hidden-focusable\" target=\"_self\" ><span class=\"visually-hidden\">This is a Test<\/span><\/a>\r\n        \r\n        <img loading=\"lazy\" decoding=\"async\" width=\"400\" height=\"400\" src=\"https:\/\/www.climbcs.com\/fr\/wp-content\/uploads\/sites\/11\/2024\/05\/data-management-solution-thumb-blue.jpg\" class=\"img-style-background position-absolute h-100 w-100 top-0 start-0 z-n1 object-fit--cover\" alt=\"\" srcset=\"https:\/\/www.climbcs.com\/fr\/wp-content\/uploads\/sites\/11\/2024\/05\/data-management-solution-thumb-blue.jpg 400w, https:\/\/www.climbcs.com\/fr\/wp-content\/uploads\/sites\/11\/2024\/05\/data-management-solution-thumb-blue-300x300.jpg 300w, https:\/\/www.climbcs.com\/fr\/wp-content\/uploads\/sites\/11\/2024\/05\/data-management-solution-thumb-blue-150x150.jpg 150w\" sizes=\"auto, (max-width: 400px) 100vw, 400px\" \/>    <\/div>\r\n\r\n\r\n                <\/div>\r\n        \n\n            <div  id=\"wmx-cards-card-9xxebsp\" data-hide-desktop=\"true\" data-hide-tablet=\"true\" data-hide-mobile=\"true\" class=\" block block--cards-card \" data-wmx-wpb=\"cards-card\" data-bs-theme=\"light\" >\r\n                                \r\n\r\n    <div class=\"card p-3 border has-background layout-default\" data-wmx-stretch-link=\"true\" >\r\n        \n\n<figure class=\"wp-block-image aligncenter size-full is-resized\"><img decoding=\"async\" width=\"150px\" height=\"150px\" src=\"https:\/\/www.climbcs.com\/fr\/wp-content\/uploads\/sites\/11\/2024\/05\/public-sector-solution-icon.svg\" alt=\"\" class=\"wp-image-5935\" style=\"object-fit:cover;width:150px;height:150px\"\/><\/figure>\n\n\n\n<h4 class=\"wp-block-heading has-text-align-center has-bs-light-background-color has-background has-bs-gray-200-background-color\">PUBLIC SECTOR<\/h4>\n\n\n\n<div style=\"height:40px\" aria-hidden=\"true\" class=\"wp-block-spacer\"><\/div>\n\n\r\n                    <a href=\"https:\/\/www.climbcs.com\/fr\/solutions\/public-sector\/\" class=\"visually-hidden-focusable\" target=\"_self\" ><span class=\"visually-hidden\">This is a Test<\/span><\/a>\r\n        \r\n        <img loading=\"lazy\" decoding=\"async\" width=\"400\" height=\"400\" src=\"https:\/\/www.climbcs.com\/fr\/wp-content\/uploads\/sites\/11\/2024\/05\/public-sector-solution-thumb-blue.jpg\" class=\"img-style-background position-absolute h-100 w-100 top-0 start-0 z-n1 object-fit--cover\" alt=\"\" srcset=\"https:\/\/www.climbcs.com\/fr\/wp-content\/uploads\/sites\/11\/2024\/05\/public-sector-solution-thumb-blue.jpg 400w, https:\/\/www.climbcs.com\/fr\/wp-content\/uploads\/sites\/11\/2024\/05\/public-sector-solution-thumb-blue-300x300.jpg 300w, https:\/\/www.climbcs.com\/fr\/wp-content\/uploads\/sites\/11\/2024\/05\/public-sector-solution-thumb-blue-150x150.jpg 150w\" sizes=\"auto, (max-width: 400px) 100vw, 400px\" \/>    <\/div>\r\n\r\n\r\n                <\/div>\r\n        \n\n            <div  id=\"wmx-cards-card-9xxebsp\" class=\"block block--cards-card \" data-wmx-wpb=\"cards-card\" data-bs-theme=\"light\" >\r\n                                \r\n\r\n    <div class=\"card p-3 border has-background layout-default\" data-wmx-stretch-link=\"true\" >\r\n        \n\n<figure class=\"wp-block-image aligncenter size-full is-resized\"><img decoding=\"async\" width=\"150px\" height=\"150px\" src=\"https:\/\/www.climbcs.com\/fr\/wp-content\/uploads\/sites\/11\/2024\/05\/security-solution-icon.svg\" alt=\"\" class=\"wp-image-5926\" style=\"object-fit:cover;width:150px;height:150px\"\/><\/figure>\n\n\n\n<h4 class=\"wp-block-heading has-text-align-center has-bs-light-background-color has-background has-bs-gray-200-background-color\">S\u00c9CURIT\u00c9<\/h4>\n\n\n\n<div style=\"height:40px\" aria-hidden=\"true\" class=\"wp-block-spacer\"><\/div>\n\n\r\n                    <a href=\"https:\/\/www.climbcs.com\/fr\/solutions\/security\" class=\"visually-hidden-focusable\" target=\"_self\" ><span class=\"visually-hidden\">This is a Test<\/span><\/a>\r\n        \r\n        <img loading=\"lazy\" decoding=\"async\" width=\"400\" height=\"400\" src=\"https:\/\/www.climbcs.com\/fr\/wp-content\/uploads\/sites\/11\/2024\/05\/security-solution-thumb-blue.jpg\" class=\"img-style-background position-absolute h-100 w-100 top-0 start-0 z-n1 object-fit--cover\" alt=\"\" srcset=\"https:\/\/www.climbcs.com\/fr\/wp-content\/uploads\/sites\/11\/2024\/05\/security-solution-thumb-blue.jpg 400w, https:\/\/www.climbcs.com\/fr\/wp-content\/uploads\/sites\/11\/2024\/05\/security-solution-thumb-blue-300x300.jpg 300w, https:\/\/www.climbcs.com\/fr\/wp-content\/uploads\/sites\/11\/2024\/05\/security-solution-thumb-blue-150x150.jpg 150w\" sizes=\"auto, (max-width: 400px) 100vw, 400px\" \/>    <\/div>\r\n\r\n\r\n                <\/div>\r\n        \n\n                    <\/div>\n\n                    <\/div>\r\n        <\/div>\n<\/div>\n\n\r\n    <\/div>\r\n\r\n                            <\/div>\r\n                    <\/div>\r\n                <\/div>\r\n            <\/section>\r\n        \n\n            <section id=\"wmx-section-wrapper-gf2hok5\" class=\"block block--section-wrapper mb-0 pt-lg-6 pt-4 pb-lg-6 pb-4 \" style=\"background-color:#18181b;\" data-wmx-wpb=\"section-wrapper\" data-bs-theme=\"dark\" >\r\n                <div class=\"container\">\r\n                    <div class=\"row\">\r\n                        <div class=\"col-12\">\r\n                                                                <div class=\"inner-wrapper\">\r\n\r\n        \n\n<div class=\"wp-block-columns\">\n<div class=\"wp-block-column\">\n<div class=\"wp-block-columns\">\n<div class=\"wp-block-column is-vertically-aligned-center\" style=\"flex-basis:65%\">\n<h2 class=\"wp-block-heading has-bs-light-color has-u-002-du-002-dbs-light-color has-text-color has-link-color has-h-2-font-size wp-elements-13939fafe881a8ce6ca1a58d8b26611c\" style=\"padding-bottom:var(--wp--preset--spacing--30)\">Pourquoi travailler avec Climb\u00a0?<\/h2>\n\n\n\n<p class=\"has-bs-light-color has-text-color has-link-color has-u-002-du-002-dbs-light-color has-text-color\">Pour d\u00e9couvrir comment Climb peut vous aider \u00e0 accompagner votre entreprise vers de nouveaux sommets, contactez notre \u00e9quipe d\u00e8s aujourd\u2019hui en remplissant le formulaire ou en nous appelant au\u00a0<a href=\"tel:+33-6-03-76-83-94\" target=\"_blank\" rel=\"noreferrer noopener\"><strong>+33-603-7683-94<\/strong><\/a><\/p>\n\n\n<span data-gator-form=\"2485\"><\/span>\n\n\n\n<p class=\"has-body-small-font-size\">En envoyant ce formulaire, vous acceptez notre politique de confidentialit\u00e9 et les conditions d\u2019utilisation du site.<\/p>\n<\/div>\n\n\n\n<div data-hide-tablet=\"true\" data-hide-mobile=\"true\" class=\" wp-block-column is-vertically-aligned-center\">\n<figure class=\"wp-block-image alignright size-full\"><img loading=\"lazy\" decoding=\"async\" width=\"457\" height=\"431\" src=\"https:\/\/www.climbcs.com\/fr\/wp-content\/uploads\/sites\/11\/2024\/03\/generic-cam-call-out-image.png\" alt=\"\" class=\"wp-image-4476\" srcset=\"https:\/\/www.climbcs.com\/fr\/wp-content\/uploads\/sites\/11\/2024\/03\/generic-cam-call-out-image.png 457w, https:\/\/www.climbcs.com\/fr\/wp-content\/uploads\/sites\/11\/2024\/03\/generic-cam-call-out-image-300x283.png 300w\" sizes=\"auto, (max-width: 457px) 100vw, 457px\" \/><\/figure>\n<\/div>\n<\/div>\n<\/div>\n<\/div>\n\n\r\n    <\/div>\r\n\r\n                            <\/div>\r\n                    <\/div>\r\n                <\/div>\r\n            <\/section>\r\n        ","protected":false},"excerpt":{"rendered":"","protected":false},"author":2,"featured_media":0,"parent":0,"menu_order":0,"comment_status":"closed","ping_status":"closed","template":"","meta":{"_acf_changed":false,"footnotes":""},"class_list":["post-1530","page","type-page","status-publish","hentry"],"acf":[],"yoast_head":"<!-- This site is optimized with the Yoast SEO plugin v27.3 - https:\/\/yoast.com\/product\/yoast-seo-wordpress\/ -->\n<title>Solutions - Climb Channel Solutions FR<\/title>\n<meta name=\"robots\" content=\"index, follow, max-snippet:-1, max-image-preview:large, max-video-preview:-1\" \/>\n<link rel=\"canonical\" href=\"https:\/\/www.climbcs.com\/fr\/solutions\/\" \/>\n<meta property=\"og:locale\" content=\"fr_FR\" \/>\n<meta property=\"og:type\" content=\"article\" \/>\n<meta property=\"og:title\" content=\"Solutions - Climb Channel Solutions FR\" \/>\n<meta property=\"og:url\" content=\"https:\/\/www.climbcs.com\/fr\/solutions\/\" \/>\n<meta property=\"og:site_name\" content=\"Climb Channel Solutions FR\" \/>\n<meta property=\"article:modified_time\" content=\"2024-07-23T09:16:00+00:00\" \/>\n<meta property=\"og:image\" content=\"https:\/\/www.climbcs.com\/fr\/wp-content\/uploads\/sites\/11\/2024\/05\/solutions-open-graph.jpg\" \/>\n\t<meta property=\"og:image:width\" content=\"1200\" \/>\n\t<meta property=\"og:image:height\" content=\"630\" \/>\n\t<meta property=\"og:image:type\" content=\"image\/jpeg\" \/>\n<meta name=\"twitter:card\" content=\"summary_large_image\" \/>\n<meta name=\"twitter:image\" content=\"https:\/\/www.climbcs.com\/fr\/wp-content\/uploads\/sites\/11\/2024\/05\/solutions-open-graph.jpg\" \/>\n<meta name=\"twitter:site\" content=\"@climbcs_uk\" \/>\n<script type=\"application\/ld+json\" class=\"yoast-schema-graph\">{\"@context\":\"https:\\\/\\\/schema.org\",\"@graph\":[{\"@type\":\"WebPage\",\"@id\":\"https:\\\/\\\/www.climbcs.com\\\/fr\\\/solutions\\\/\",\"url\":\"https:\\\/\\\/www.climbcs.com\\\/fr\\\/solutions\\\/\",\"name\":\"Solutions - Climb Channel Solutions FR\",\"isPartOf\":{\"@id\":\"https:\\\/\\\/www.climbcs.com\\\/fr\\\/#website\"},\"primaryImageOfPage\":{\"@id\":\"https:\\\/\\\/www.climbcs.com\\\/fr\\\/solutions\\\/#primaryimage\"},\"image\":{\"@id\":\"https:\\\/\\\/www.climbcs.com\\\/fr\\\/solutions\\\/#primaryimage\"},\"thumbnailUrl\":\"https:\\\/\\\/www.climbcs.com\\\/fr\\\/wp-content\\\/uploads\\\/sites\\\/11\\\/2024\\\/05\\\/software-lifecycle-solution-icon.svg\",\"datePublished\":\"2024-02-08T13:35:49+00:00\",\"dateModified\":\"2024-07-23T09:16:00+00:00\",\"breadcrumb\":{\"@id\":\"https:\\\/\\\/www.climbcs.com\\\/fr\\\/solutions\\\/#breadcrumb\"},\"inLanguage\":\"fr-FR\",\"potentialAction\":[{\"@type\":\"ReadAction\",\"target\":[\"https:\\\/\\\/www.climbcs.com\\\/fr\\\/solutions\\\/\"]}]},{\"@type\":\"ImageObject\",\"inLanguage\":\"fr-FR\",\"@id\":\"https:\\\/\\\/www.climbcs.com\\\/fr\\\/solutions\\\/#primaryimage\",\"url\":\"https:\\\/\\\/www.climbcs.com\\\/fr\\\/wp-content\\\/uploads\\\/sites\\\/11\\\/2024\\\/05\\\/software-lifecycle-solution-icon.svg\",\"contentUrl\":\"https:\\\/\\\/www.climbcs.com\\\/fr\\\/wp-content\\\/uploads\\\/sites\\\/11\\\/2024\\\/05\\\/software-lifecycle-solution-icon.svg\"},{\"@type\":\"BreadcrumbList\",\"@id\":\"https:\\\/\\\/www.climbcs.com\\\/fr\\\/solutions\\\/#breadcrumb\",\"itemListElement\":[{\"@type\":\"ListItem\",\"position\":1,\"name\":\"Home\",\"item\":\"https:\\\/\\\/www.climbcs.com\\\/fr\\\/\"},{\"@type\":\"ListItem\",\"position\":2,\"name\":\"Solutions\"}]},{\"@type\":\"WebSite\",\"@id\":\"https:\\\/\\\/www.climbcs.com\\\/fr\\\/#website\",\"url\":\"https:\\\/\\\/www.climbcs.com\\\/fr\\\/\",\"name\":\"Climb Channel Solutions UK\",\"description\":\"\",\"publisher\":{\"@id\":\"https:\\\/\\\/www.climbcs.com\\\/fr\\\/#organization\"},\"potentialAction\":[{\"@type\":\"SearchAction\",\"target\":{\"@type\":\"EntryPoint\",\"urlTemplate\":\"https:\\\/\\\/www.climbcs.com\\\/fr\\\/?s={search_term_string}\"},\"query-input\":{\"@type\":\"PropertyValueSpecification\",\"valueRequired\":true,\"valueName\":\"search_term_string\"}}],\"inLanguage\":\"fr-FR\"},{\"@type\":\"Organization\",\"@id\":\"https:\\\/\\\/www.climbcs.com\\\/fr\\\/#organization\",\"name\":\"Climb Channel Solutions UK\",\"url\":\"https:\\\/\\\/www.climbcs.com\\\/fr\\\/\",\"logo\":{\"@type\":\"ImageObject\",\"inLanguage\":\"fr-FR\",\"@id\":\"https:\\\/\\\/www.climbcs.com\\\/fr\\\/#\\\/schema\\\/logo\\\/image\\\/\",\"url\":\"https:\\\/\\\/www.climbcs.com\\\/fr\\\/wp-content\\\/uploads\\\/sites\\\/11\\\/svg\\\/climb-color-registered.svg\",\"contentUrl\":\"https:\\\/\\\/www.climbcs.com\\\/fr\\\/wp-content\\\/uploads\\\/sites\\\/11\\\/svg\\\/climb-color-registered.svg\",\"width\":1,\"height\":1,\"caption\":\"Climb Channel Solutions UK\"},\"image\":{\"@id\":\"https:\\\/\\\/www.climbcs.com\\\/fr\\\/#\\\/schema\\\/logo\\\/image\\\/\"},\"sameAs\":[\"https:\\\/\\\/x.com\\\/climbcs_uk\"]}]}<\/script>\n<!-- \/ Yoast SEO plugin. -->","yoast_head_json":{"title":"Solutions - Climb Channel Solutions FR","robots":{"index":"index","follow":"follow","max-snippet":"max-snippet:-1","max-image-preview":"max-image-preview:large","max-video-preview":"max-video-preview:-1"},"canonical":"https:\/\/www.climbcs.com\/fr\/solutions\/","og_locale":"fr_FR","og_type":"article","og_title":"Solutions - Climb Channel Solutions FR","og_url":"https:\/\/www.climbcs.com\/fr\/solutions\/","og_site_name":"Climb Channel Solutions FR","article_modified_time":"2024-07-23T09:16:00+00:00","og_image":[{"width":1200,"height":630,"url":"https:\/\/www.climbcs.com\/fr\/wp-content\/uploads\/sites\/11\/2024\/05\/solutions-open-graph.jpg","type":"image\/jpeg"}],"twitter_card":"summary_large_image","twitter_image":"https:\/\/www.climbcs.com\/fr\/wp-content\/uploads\/sites\/11\/2024\/05\/solutions-open-graph.jpg","twitter_site":"@climbcs_uk","schema":{"@context":"https:\/\/schema.org","@graph":[{"@type":"WebPage","@id":"https:\/\/www.climbcs.com\/fr\/solutions\/","url":"https:\/\/www.climbcs.com\/fr\/solutions\/","name":"Solutions - Climb Channel Solutions FR","isPartOf":{"@id":"https:\/\/www.climbcs.com\/fr\/#website"},"primaryImageOfPage":{"@id":"https:\/\/www.climbcs.com\/fr\/solutions\/#primaryimage"},"image":{"@id":"https:\/\/www.climbcs.com\/fr\/solutions\/#primaryimage"},"thumbnailUrl":"https:\/\/www.climbcs.com\/fr\/wp-content\/uploads\/sites\/11\/2024\/05\/software-lifecycle-solution-icon.svg","datePublished":"2024-02-08T13:35:49+00:00","dateModified":"2024-07-23T09:16:00+00:00","breadcrumb":{"@id":"https:\/\/www.climbcs.com\/fr\/solutions\/#breadcrumb"},"inLanguage":"fr-FR","potentialAction":[{"@type":"ReadAction","target":["https:\/\/www.climbcs.com\/fr\/solutions\/"]}]},{"@type":"ImageObject","inLanguage":"fr-FR","@id":"https:\/\/www.climbcs.com\/fr\/solutions\/#primaryimage","url":"https:\/\/www.climbcs.com\/fr\/wp-content\/uploads\/sites\/11\/2024\/05\/software-lifecycle-solution-icon.svg","contentUrl":"https:\/\/www.climbcs.com\/fr\/wp-content\/uploads\/sites\/11\/2024\/05\/software-lifecycle-solution-icon.svg"},{"@type":"BreadcrumbList","@id":"https:\/\/www.climbcs.com\/fr\/solutions\/#breadcrumb","itemListElement":[{"@type":"ListItem","position":1,"name":"Home","item":"https:\/\/www.climbcs.com\/fr\/"},{"@type":"ListItem","position":2,"name":"Solutions"}]},{"@type":"WebSite","@id":"https:\/\/www.climbcs.com\/fr\/#website","url":"https:\/\/www.climbcs.com\/fr\/","name":"Climb Channel Solutions UK","description":"","publisher":{"@id":"https:\/\/www.climbcs.com\/fr\/#organization"},"potentialAction":[{"@type":"SearchAction","target":{"@type":"EntryPoint","urlTemplate":"https:\/\/www.climbcs.com\/fr\/?s={search_term_string}"},"query-input":{"@type":"PropertyValueSpecification","valueRequired":true,"valueName":"search_term_string"}}],"inLanguage":"fr-FR"},{"@type":"Organization","@id":"https:\/\/www.climbcs.com\/fr\/#organization","name":"Climb Channel Solutions UK","url":"https:\/\/www.climbcs.com\/fr\/","logo":{"@type":"ImageObject","inLanguage":"fr-FR","@id":"https:\/\/www.climbcs.com\/fr\/#\/schema\/logo\/image\/","url":"https:\/\/www.climbcs.com\/fr\/wp-content\/uploads\/sites\/11\/svg\/climb-color-registered.svg","contentUrl":"https:\/\/www.climbcs.com\/fr\/wp-content\/uploads\/sites\/11\/svg\/climb-color-registered.svg","width":1,"height":1,"caption":"Climb Channel Solutions UK"},"image":{"@id":"https:\/\/www.climbcs.com\/fr\/#\/schema\/logo\/image\/"},"sameAs":["https:\/\/x.com\/climbcs_uk"]}]}},"_links":{"self":[{"href":"https:\/\/www.climbcs.com\/fr\/wp-json\/wp\/v2\/pages\/1530","targetHints":{"allow":["GET"]}}],"collection":[{"href":"https:\/\/www.climbcs.com\/fr\/wp-json\/wp\/v2\/pages"}],"about":[{"href":"https:\/\/www.climbcs.com\/fr\/wp-json\/wp\/v2\/types\/page"}],"author":[{"embeddable":true,"href":"https:\/\/www.climbcs.com\/fr\/wp-json\/wp\/v2\/users\/2"}],"replies":[{"embeddable":true,"href":"https:\/\/www.climbcs.com\/fr\/wp-json\/wp\/v2\/comments?post=1530"}],"version-history":[{"count":0,"href":"https:\/\/www.climbcs.com\/fr\/wp-json\/wp\/v2\/pages\/1530\/revisions"}],"wp:attachment":[{"href":"https:\/\/www.climbcs.com\/fr\/wp-json\/wp\/v2\/media?parent=1530"}],"curies":[{"name":"wp","href":"https:\/\/api.w.org\/{rel}","templated":true}]}}